{"id":456,"date":"2022-05-14T19:58:31","date_gmt":"2022-05-14T19:58:31","guid":{"rendered":"https:\/\/oaknature.pt\/welcome\/?page_id=456"},"modified":"2022-05-14T20:28:13","modified_gmt":"2022-05-14T20:28:13","slug":"regulamento-geral","status":"publish","type":"page","link":"https:\/\/oaknature.pt\/en\/regulamento-geral\/","title":{"rendered":"General Regulations"},"content":{"rendered":"<p>[et_pb_section fb_built=&#8221;1&#8243; _builder_version=&#8221;4.17.1&#8243; _module_preset=&#8221;default&#8221; global_colors_info=&#8221;{}&#8221;][et_pb_row _builder_version=&#8221;4.17.1&#8243; _module_preset=&#8221;default&#8221; global_colors_info=&#8221;{}&#8221;][et_pb_column type=&#8221;4_4&#8243; _builder_version=&#8221;4.17.1&#8243; _module_preset=&#8221;default&#8221; global_colors_info=&#8221;{}&#8221;][et_pb_text _builder_version=&#8221;4.17.1&#8243; _module_preset=&#8221;default&#8221; global_colors_info=&#8221;{}&#8221;]<\/p>\n<h1>General Regulation - Terms &amp; Conditions<span style=\"font-weight: 400;\"><\/span><\/h1>\n<p>&nbsp;<\/p>\n<p><span style=\"font-weight: 400;\"><\/span><\/p>\n<h3><span style=\"font-weight: 400;\">0 - General<\/span><\/h3>\n<p style=\"text-align: justify;\"><span style=\"font-weight: 400;\">The terms and conditions set out in this Agreement will apply to the relationship between the guest and OAK NATURE from the moment the reservation is made and until the time the stay in the accommodation ends.<\/span><\/p>\n<p style=\"text-align: justify;\"><span style=\"font-weight: 400;\">Where the Terms and Conditions are omitted, the Portuguese legislation in force will apply.<\/span><\/p>\n<p>&nbsp;<\/p>\n<h3 style=\"text-align: justify;\"><span style=\"font-weight: 400;\">I - PRICE INFORMATION<\/span><\/h3>\n<p style=\"text-align: justify;\"><span style=\"font-weight: 400;\">The prices of the rooms shown are per night; for occupancy of two adults.\u00a0<\/span><\/p>\n<p style=\"text-align: justify;\"><span style=\"font-weight: 400;\">The use of an extra bed in the room for children and \/ or adults is subject to an additional supplement, in the following terms:\u00a0<\/span><\/p>\n<ul style=\"text-align: justify;\">\n<li style=\"font-weight: 400;\" aria-level=\"1\"><span style=\"font-weight: 400;\">for babies\/children up to 2-3 years old, sleeping in a crib, is free of charge;\u00a0<\/span><\/li>\n<li style=\"font-weight: 400;\" aria-level=\"1\"><span style=\"font-weight: 400;\">for children from 3 years old and adults, with the use of an extra bed, the accommodation has a supplement of 30 euros (per night\/person).<\/span><\/li>\n<\/ul>\n<p style=\"text-align: justify;\"><span style=\"font-weight: 400;\">All daily rates include buffet breakfast per person and access to the outdoor pool as well as the health club gym, sauna, Turkish bath and jacuzzi, limited to opening hours.<\/span><\/p>\n<p style=\"text-align: justify;\"><span style=\"font-weight: 400;\">The rates and amounts indicated in the terms and in the accommodation contract include VAT, unless expressly stated otherwise.<\/span><\/p>\n<p style=\"text-align: justify;\"><span style=\"font-weight: 400;\"><\/span><\/p>\n<p style=\"text-align: justify;\">\n<h3><span style=\"font-weight: 400;\">II - MAXIMUM OCCUPANCY OF ROOMS\u00a0\u00a0<\/span><\/h3>\n<p><span style=\"font-weight: 400;\">The rooms allow a maximum occupancy of 2 adults. These can, however, accommodate 1 or more children and \/ adults, in one or more extra beds (sofa beds).<\/span><\/p>\n<p>&nbsp;<\/p>\n<h3><span style=\"font-weight: 400;\">III - COMPLEMENTARY SERVICES<\/span><\/h3>\n<p>&nbsp;<\/p>\n<h4>III.i. SPA, SWIMMING POOL AND GYM<\/h4>\n<p style=\"text-align: justify;\"><span style=\"font-weight: 400;\">OAK NATURE has an outdoor heated pool, health-club gym, sauna, Turkish bath and jacuzzi, with its own rules of use and opening hours.\u00a0\u00a0<\/span><\/p>\n<p style=\"text-align: justify;\"><span style=\"font-weight: 400;\">The opening hours and use of the above services are as follows:<\/span><\/p>\n<ul style=\"text-align: justify;\">\n<li style=\"font-weight: 400;\" aria-level=\"1\"><span style=\"font-weight: 400;\">Outdoor swimming pool: from 8:00 am to 8:00 pm\u00a0<\/span><\/li>\n<li style=\"font-weight: 400;\" aria-level=\"1\"><span style=\"font-weight: 400;\">Health-club gym: from 8:30 am to 7:30 pm;<\/span><\/li>\n<li style=\"font-weight: 400;\" aria-level=\"1\"><span style=\"font-weight: 400;\">Spa, sauna, Turkish bath and jacuzzi services from 10:30 am to 7:30 pm.<\/span><\/li>\n<\/ul>\n<p style=\"text-align: justify;\"><span style=\"font-weight: 400;\">The guest must make <\/span><b>a prior reservation for the use <\/b><span style=\"font-weight: 400;\">of spa services, Turkish bath, sauna, jacuzzi, in order to guarantee availability in the use of the indicated services. The periods for using the spa services are a maximum of 30 minutes per treatment, or 40 minutes in the case of the gym, to be confirmed at the reception of the accommodation.\u00a0<\/span><\/p>\n<p style=\"text-align: justify;\"><span style=\"font-weight: 400;\">Upon arrival, a bathrobe,spa towel and slippers per person will be available for use in the additional spa services.<\/span><\/p>\n<p style=\"text-align: justify;\"><span style=\"font-weight: 400;\"><\/span><\/p>\n<h4><span style=\"font-weight: 400;\">III.ii. BREAKFAST AND RESTAURANT<\/span><\/h4>\n<p style=\"text-align: justify;\"><span style=\"font-weight: 400;\">All daily rates include buffet breakfast per person served in the accommodation's dining area. Breakfast may take into account individual dietary restrictions, such as gluten and lactose intolerance, upon prior communication to the hotel reception, at least the day before.\u00a0<\/span><\/p>\n<p style=\"text-align: justify;\"><span style=\"font-weight: 400;\">The accommodation has a bar and cafeteria service available during the afternoon, with drinks, snacks, light meals and hot dishes. Hot plate orders must be made in advance at reception.<\/span><\/p>\n<p style=\"text-align: justify;\"><span style=\"font-weight: 400;\">The opening hours and use of the above services are as follows:<\/span><\/p>\n<ul>\n<li style=\"font-weight: 400; text-align: justify;\" aria-level=\"1\"><span style=\"font-weight: 400;\">Buffet breakfast: from 8:00 am to 10:45 am\u00a0<\/span><\/li>\n<li style=\"font-weight: 400; text-align: justify;\" aria-level=\"1\"><span style=\"font-weight: 400;\">Snack &amp; bar services: from 12:00 pm to 8:30 pm<\/span><\/li>\n<\/ul>\n<p style=\"text-align: justify;\"><span style=\"font-weight: 400;\">On request, OAK NATURE also offers a 'room service' service for breakfast with an additional fee of 5 euros and maximum consumption of 10 items.\u00a0<\/span><\/p>\n<p style=\"text-align: justify;\"><span style=\"font-weight: 400;\">Each room has a minibar that can be connected and filled with prior notice. The values \u200b\u200bfor consumption of the bar and minibar are deducted from the guest's account at check-out.\u00a0<\/span><\/p>\n<p>&nbsp;<\/p>\n<h4><span style=\"font-weight: 400;\">III.iii. DAILY CLEANING OF ROOMS<\/span><\/h4>\n<p style=\"text-align: justify;\"><span style=\"font-weight: 400;\">When the stay is longer than one night, the accommodation will carry out basic cleaning of the room daily, provided that the key is delivered to reception by 11:30 am and this will take place between 11:30 am and 3:00 pm. Cleaning consists of airing the room, making the bed, cleaning exposed products, replacing amenities and toilet paper. Bath towels can be changed on request. For a longer stay, bed linen will be changed every three days.\u00a0<\/span><\/p>\n<p>&nbsp;<\/p>\n<h3 style=\"text-align: justify;\"><span style=\"font-weight: 400;\">IV - AVAILABILITY, CANCELLATIONS, CHANGES, NON-ARRIVAL AND EARLY DEPARTURES<\/span><\/h3>\n<p style=\"text-align: justify;\"><span style=\"font-weight: 400;\">Reservations, cancellations and their changes will be managed in accordance with the instructions stipulated either in direct sales or through online booking platforms. <\/span><\/p>\n<p style=\"text-align: justify;\"><span style=\"font-weight: 400;\">Reservation management is carried out directly by our reception, which is open from 9:00 am to 9:30 pm.<\/span><\/p>\n<p>&nbsp;<\/p>\n<h4 style=\"text-align: justify;\"><span style=\"font-weight: 400;\">IV.i. CANCELLATION POLICY<\/span><\/h4>\n<p style=\"text-align: justify;\"><span style=\"font-weight: 400;\">A pol\u00edtica de cancelamento do Oak \u00e9 a seguinte:<\/span><\/p>\n<ul style=\"text-align: justify;\">\n<li style=\"font-weight: 400;\" aria-level=\"1\"><span style=\"font-weight: 400;\">Reservations can be canceled, without penalty, up to 30 days before the scheduled arrival, with a full refund of the amounts paid;<\/span><\/li>\n<li style=\"font-weight: 400;\" aria-level=\"1\" class=\" translation-block\">From that date (30 days), the cancellation of reservations implies the non-refund of the total amount paid (without the right to any refund).<\/li>\n<\/ul>\n<p style=\"text-align: justify;\">\u00a0<span style=\"font-weight: 400;\">Communication of cancellation of reservations must be made in writing. Refunds are preferably made by bank transfer or another method to be agreed between the parties.\u00a0<\/span><\/p>\n<p style=\"text-align: justify;\"><span style=\"font-weight: 400;\">Mais se informa, que nos cancelamentos comunicados em tempo \u00fatil,\u00a0 a partir da data de n\u00e3o reembolso dos valores pagos, o Oak poder\u00e1 aceitar, mediante aprova\u00e7\u00e3o da ger\u00eancia, a altera\u00e7\u00e3o das datas da reserva, se motivo atend\u00edvel.<\/span><\/p>\n<p style=\"text-align: justify;\">\u00a0<span style=\"font-weight: 400;\">A Oak reserva-se o direito de definir outras pol\u00edticas de cancelamento para parceiros de plataformas de gest\u00e3o de reservas.<\/span><\/p>\n<p style=\"text-align: justify;\"><span style=\"font-weight: 400;\">In the event of non-arrival and\/or early departure, any deposit paid is non-refundable and the total stay will be charged. For this purpose, the accommodation reserves the right to offset the amount payable for such cancellation against the guest's credit card, without prior notice or guest approval, where applicable. However, written notice of this charge will be sent to the guest.<\/span><\/p>\n<p>&nbsp;<\/p>\n<h3><span style=\"font-weight: 400;\">V - PAYMENTS<\/span><\/h3>\n<p>&nbsp;<\/p>\n<p style=\"text-align: justify;\"><span style=\"font-weight: 400;\">All major credit and debit cards (after check-in) are accepted.\u00a0<\/span><\/p>\n<p style=\"text-align: justify;\">\u00a0<span style=\"font-weight: 400;\">The accommodation has the right to terminate the contract of stay if the guest does not pay the price in full and on time when it is due or does not provide the required guarantee.<\/span><\/p>\n<p>&nbsp;<\/p>\n<h3><span style=\"font-weight: 400;\">VI - ARRIVAL AND DEPARTURE POLICY<\/span><\/h3>\n<p><span style=\"font-weight: normal; font-family: inherit;\">The hours of operation for arrivals and departures at the Oak are as follows:<\/span><\/p>\n<ul>\n<li style=\"font-weight: 400;\" aria-level=\"1\"><span style=\"font-weight: normal; font-family: inherit;\">Arrival (check-in): from 3:00 pm to 9:30 pm.\u00a0<\/span><\/li>\n<li style=\"font-weight: 400;\" aria-level=\"1\"><span style=\"font-weight: normal; font-family: inherit;\">Departure (check-out): from 9:00 am to 11:30 am.\u00a0<\/span><\/li>\n<\/ul>\n<p><span style=\"font-weight: 400;\">In exceptional situations and with authorization, early\/late check-in may be guaranteed by OAK NATURE. In case of late check-in or check-out, an additional fee of 20 euros may be charged.\u00a0<\/span><\/p>\n<p><span style=\"font-weight: 400;\">For guests checking out after 2 pm, the accommodation reserves the right to charge an additional night, quoted at the best rate available at the time.<\/span><\/p>\n<p><span style=\"font-weight: 400;\">Rooms are reserved until midnight on the day of booking, if you do not show up by the scheduled time, the accommodation reserves the right to consider the reservation canceled and make the room available for rebooking.\u00a0<\/span><\/p>\n<p><span style=\"font-weight: 400;\">Accommodation at OAK NATURE requires the presentation of a legal identification document for the guest, whose information regarding personal data is protected in accordance with the General Data Protection Regulation - Regulation (EU) 2016\/679. If you are a foreign citizen, Oak Nature will report in the accommodation bulletin, as provided by law, the permanence of your space to the Foreigners and Borders Services.<\/span><\/p>\n<p><span style=\"font-weight: 400;\"><\/span><\/p>\n<p><span style=\"font-weight: 400;\">\u00a0<\/span><\/p>\n<h3><span style=\"font-weight: 400;\">VII - SMOKING POLICY<\/span><\/h3>\n<p style=\"text-align: justify;\"><span style=\"font-weight: 400;\">Oak operates a NO SMOKING policy in all indoor areas, including: guest rooms, hallways and indoor public areas. Failure to comply with our NON-SMOKING policy will incur a fee of 200 euros to facilitate the cost of tobacco odor removal.\u00a0<\/span><\/p>\n<p style=\"text-align: justify;\"><span style=\"font-weight: 400;\">Designated smoking areas have been allocated within the hotel's exterior grounds \u2013 please inquire at check-in.\u00a0<\/span><\/p>\n<p><span style=\"font-weight: 400;\">\u00a0<\/span><\/p>\n<h3><span style=\"font-weight: 400;\">VIII - SILENCE POLICY<\/span><\/h3>\n<p style=\"text-align: justify;\"><span style=\"font-weight: 400;\">The Oak has a SILENCE policy from 10pm to 8am, so as not to disturb the sleep of guests. Failure to comply with our SILENCE policy will incur a fee of 150 euros.<\/span><\/p>\n<h2>\u00a0<\/h2>\n<h3><span style=\"font-weight: 400;\">IX - ANIMALS\u00a0<\/span><\/h3>\n<p style=\"text-align: justify;\"><span style=\"font-weight: 400;\">It is expressly forbidden to lodge animals in the accommodation, except for guide dogs. The improper introduction of animals will allow the accommodation to immediately terminate the contract with the guest and force him to leave the accommodation without being refunded the amounts paid in the meantime for the availability of the room during the contracted period of stay.<\/span><\/p>\n<p>&nbsp;<\/p>\n<h3><span style=\"font-weight: 400;\">X - PARKING<\/span><\/h3>\n<p style=\"text-align: justify;\"><span style=\"font-weight: 400;\">Oak has its own car park, free of charge for hotel guests and subject to the availability of parking spaces. OAK NATURE is not responsible for damage or theft of vehicles parked on its premises.<\/span><\/p>\n<p>&nbsp;<\/p>\n<h3><span style=\"font-weight: 400;\">XI &#8211; VOUCHERS<\/span><\/h3>\n<p style=\"text-align: justify;\"><span style=\"font-weight: 400;\">The voucher is only available in digital format (e-voucher). This will be sent to the email address provided by the user upon successful purchase.<\/span><\/p>\n<p style=\"text-align: justify;\"><span style=\"font-weight: 400;\">The voucher contains, at least, the following essential elements: identification code that guarantees its uniqueness and authenticity, content of the offer and expiry date for its use.<\/span><\/p>\n<p style=\"text-align: justify;\"><span style=\"font-weight: 400;\">For its use, you must present it, in digital or paper format, when booking the services contracted therein.<\/span><\/p>\n<p style=\"text-align: justify;\"><span style=\"font-weight: 400;\">The voucher can be transferred by the purchaser to third parties, however it cannot be shared among several users (unless mentioned in the campaign conditions).\u00a0<\/span><\/p>\n<p style=\"text-align: justify;\"><span style=\"font-weight: 400;\">The voucher is for single use, unless otherwise stated. If the value of the voucher is not used in full or the service is not used in full, the unused difference will expire and there will be no refunds.<\/span><\/p>\n<p style=\"text-align: justify;\"><span style=\"font-weight: 400;\">Failure to use the voucher until the end of its validity implies its nullity and cannot be used at a later date.\u00a0<\/span><\/p>\n<p>&nbsp;<\/p>\n<h3><span style=\"font-weight: 400;\">XII - DATA PROTECTION POLICY<\/span><\/h3>\n<p style=\"text-align: justify;\"><span style=\"font-weight: 400;\">Oak complies with the provisions contained in the Personal Data Protection Regulation 'RGPD'.<\/span><\/p>\n<p style=\"text-align: justify;\"><span style=\"font-weight: 400;\">Unless otherwise specified, the guest's personal data must be deleted when the accommodation contract ends and the legal retention periods have expired.<\/span><\/p>\n<p style=\"text-align: justify;\"><span style=\"font-weight: 400;\"><\/span><\/p>\n<h3><span style=\"font-weight: 400;\">XIII - COMPLAINTS AND RESPONSIBILITIES<\/span><\/h3>\n<p style=\"text-align: justify;\"><span style=\"font-weight: 400;\">In the event of theft or property damage, or in the event of flood or fire or other damage to the hotel room, the guest must immediately inform the accommodation staff and collaborate in resolving the reported situation.<\/span><\/p>\n<p style=\"text-align: justify;\"><span style=\"font-weight: 400;\">Oak will have the right to immediately terminate the stay contract, without the right to the amounts paid in the meantime, if the guest has any behavior that affects the good coexistence, peace or hygiene of the accommodation, namely if he is under the influence of drugs or alcohol, use of the hotel room for illicit practices, act offensively to staff or other accommodation guests, disturb the peace, or, have maliciously made false reservations and\/or damaged or destroyed the accommodation facilities.<\/span><\/p>\n<p style=\"text-align: justify;\"><span style=\"font-weight: 400;\">Any comment or complaint regarding the stay must be made at the reception of the accommodation at the time of the visit, so that the matter can be resolved immediately.<\/span><\/p>\n<p style=\"text-align: justify;\"><span style=\"font-weight: 400;\">Oak will only be responsible for damages or losses to the guest when such facts result from the accommodation's fault.<\/span><\/p>\n<p style=\"text-align: justify;\"><span style=\"font-weight: 400;\">O Oak n\u00e3o se responsabiliza por falhas no desempenho, caso a falha seja causada por qualquer fator exterior que n\u00e3o esteja ao alcance do seu controlo razo\u00e1vel. O alojamento reserva-se no direito de cobrar aos h\u00f3spedes o custo de retifica\u00e7\u00e3o de danos causados \u200b\u200bpelo ato deliberado, negligente ou imprudente, omiss\u00e3o ou neglig\u00eancia dos h\u00f3spedes em rela\u00e7\u00e3o \u00e0 propriedade ou estrutura do alojamento. Caso este dano venha a p\u00fablico ap\u00f3s a sua partida, o alojamento reserva-se no direito de cobrar no cart\u00e3o de cr\u00e9dito do h\u00f3spede, ou enviar uma fatura no valor necess\u00e1rio para compensar ou reparar qualquer dano. O alojamento far\u00e1 todos os esfor\u00e7os para manter quaisquer custos que o h\u00f3spede possa incorrer num valor m\u00ednimo.\u00a0<\/span><\/p>\n<p style=\"text-align: justify;\"><span style=\"font-weight: 400;\">The accommodation has a Complaints Book, available on paper at the reception of the accommodation or alternatively, online through the website:<\/span> <a href=\"https:\/\/www.livroreclamacoes.pt\/inicio\"><span style=\"font-weight: 400;\">https:\/\/www.livroreclamacoes.pt\/inicio<\/span><\/a><span style=\"font-weight: 400;\"> .<\/span><\/p>\n<p style=\"text-align: justify;\"><span style=\"font-weight: 400;\">In the event of a dispute, the guest may resort to an alternative Consumer Dispute Resolution Entity: Braga Consumer Conflict Arbitration Center.<\/span><\/p>\n<p>&nbsp;<\/p>\n<p><span style=\"font-weight: 400;\">Review 6, 22 October 2020<\/span><\/p>\n<p>[\/et_pb_text][\/et_pb_column][\/et_pb_row][\/et_pb_section]<\/p>","protected":false},"excerpt":{"rendered":"<p>Regulamento Geral &#8211; Termos &amp; Condi\u00e7\u00f5es &nbsp; 0 &#8211; GENERALIDADES Os termos e condi\u00e7\u00f5es constantes do presente Regulamento aplicar-se-\u00e3o \u00e0 rela\u00e7\u00e3o entre o h\u00f3spede e o OAK NATURE (doravante denominado por Oak) desde o momento em que a reserva \u00e9 efetivada e at\u00e9 ao momento em que termina o per\u00edodo de estadia no alojamento. No [&hellip;]<\/p>","protected":false},"author":1,"featured_media":0,"parent":0,"menu_order":0,"comment_status":"closed","ping_status":"closed","template":"","meta":{"_et_pb_use_builder":"on","_et_pb_old_content":"","_et_gb_content_width":"","footnotes":""},"_links":{"self":[{"href":"https:\/\/oaknature.pt\/en\/wp-json\/wp\/v2\/pages\/456"}],"collection":[{"href":"https:\/\/oaknature.pt\/en\/wp-json\/wp\/v2\/pages"}],"about":[{"href":"https:\/\/oaknature.pt\/en\/wp-json\/wp\/v2\/types\/page"}],"author":[{"embeddable":true,"href":"https:\/\/oaknature.pt\/en\/wp-json\/wp\/v2\/users\/1"}],"replies":[{"embeddable":true,"href":"https:\/\/oaknature.pt\/en\/wp-json\/wp\/v2\/comments?post=456"}],"version-history":[{"count":3,"href":"https:\/\/oaknature.pt\/en\/wp-json\/wp\/v2\/pages\/456\/revisions"}],"predecessor-version":[{"id":464,"href":"https:\/\/oaknature.pt\/en\/wp-json\/wp\/v2\/pages\/456\/revisions\/464"}],"wp:attachment":[{"href":"https:\/\/oaknature.pt\/en\/wp-json\/wp\/v2\/media?parent=456"}],"curies":[{"name":"wp","href":"https:\/\/api.w.org\/{rel}","templated":true}]}}