{"id":438,"date":"2022-05-14T12:47:06","date_gmt":"2022-05-14T12:47:06","guid":{"rendered":"https:\/\/oaknature.pt\/welcome\/?page_id=438"},"modified":"2022-05-15T10:54:54","modified_gmt":"2022-05-15T10:54:54","slug":"politica-de-privacidade","status":"publish","type":"page","link":"https:\/\/oaknature.pt\/en\/politica-de-privacidade\/","title":{"rendered":"Pol\u00edtica de privacidade"},"content":{"rendered":"<p>[et_pb_section fb_built=&#8221;1&#8243; _builder_version=&#8221;4.17.1&#8243; _module_preset=&#8221;default&#8221; global_colors_info=&#8221;{}&#8221;][et_pb_row _builder_version=&#8221;4.17.1&#8243; _module_preset=&#8221;default&#8221; global_colors_info=&#8221;{}&#8221;][et_pb_column type=&#8221;4_4&#8243; _builder_version=&#8221;4.17.1&#8243; _module_preset=&#8221;default&#8221; global_colors_info=&#8221;{}&#8221;][et_pb_text _builder_version=&#8221;4.17.1&#8243; _module_preset=&#8221;default&#8221; global_colors_info=&#8221;{}&#8221;]<\/p>\n<h2 style=\"text-align: justify;\">Pol\u00edtica de Privacidade<span style=\"font-weight: 400;\"><\/span><\/h2>\n<p style=\"text-align: justify;\"><span style=\"font-weight: 400;\"><\/span><\/p>\n<p style=\"text-align: justify;\"><span style=\"font-weight: 400;\">Your privacy is important to us. It is Oak Nature's policy to respect your privacy regarding any information we may collect from you on the <\/span><a href=\"http:\/\/oaknature.pt\/en\/welcome\/\"><span style=\"font-weight: 400;\">Oak Nature.<\/span><\/a><span style=\"font-size: 14px;\">We only ask for personal information when we really need it to provide you with a service. We do this by fair and lawful means, with your knowledge and consent. We also tell you why we are collecting it and how it will be used. <\/span><span style=\"font-size: 14px;\">We only retain collected information for as long as necessary to provide the requested service. When we store data, we protect it within commercially acceptable means to prevent loss and theft, as well as unauthorized access, disclosure, copying, use or modification. <\/span><span style=\"font-size: 14px;\">We do not share personally identifiable information publicly or with third parties, except as required by law<\/span><span style=\"font-size: 14px;\">.<\/span><span style=\"font-size: 14px;\">\u00a0<\/span><span style=\"font-size: 14px;\">You are free to refuse our request for personal information, with the understanding that we may not be able to provide you with some of the services you require. <\/span><span style=\"font-size: 14px;\">O uso continuado de nosso site ser\u00e1 considerado como aceita\u00e7\u00e3o de nossas pr\u00e1ticas em torno de privacidade e informa\u00e7\u00f5es pessoais. Se voc\u00ea tiver alguma d\u00favida sobre como lidamos com dados do usu\u00e1rio e informa\u00e7\u00f5es pessoais, entre em contacto com o Oak, atrav\u00e9s do <a href=\"mailto:maito:geral@oaknature.pt\">geral@oaknature.pt<\/a>.<\/span><\/p>\n<h4><\/h4>\n<h3>Oak Nature Cookie Policy<\/h3>\n<p><b><\/b><\/p>\n<h4>What are cookies?<\/h4>\n<p style=\"text-align: justify;\"><span style=\"font-weight: 400;\">Como \u00e9 pr\u00e1tica comum em quase todos os sites profissionais, este site usa cookies, que s\u00e3o pequenos arquivos baixados no seu computador, para melhorar sua experi\u00eancia. Esta p\u00e1gina descreve quais informa\u00e7\u00f5es eles coletam, como as usamos e por que \u00e0s vezes precisamos armazenar esses cookies. Tamb\u00e9m compartilharemos como voc\u00ea pode impedir que esses cookies sejam armazenados, no entanto, isso pode fazer o downgrade ou &#8216;quebrar&#8217; certos elementos da funcionalidade do site.<\/span><\/p>\n<p style=\"text-align: justify;\"><span style=\"font-weight: 400;\"><\/span><\/p>\n<h4>Como usamos os cookies?<\/h4>\n<p style=\"text-align: justify;\"><span style=\"font-weight: 400;\">Utilizamos cookies por v\u00e1rios motivos, detalhados abaixo. Infelizmente, na maioria dos casos, n\u00e3o existem op\u00e7\u00f5es padr\u00e3o do setor para desativar os cookies sem desativar completamente a funcionalidade e os recursos que eles adicionam a este site. \u00c9 recomend\u00e1vel que voc\u00ea deixe todos os cookies se n\u00e3o tiver certeza se precisa ou n\u00e3o deles, caso sejam usados \u200b\u200bpara fornecer um servi\u00e7o que pretende.<\/span><\/p>\n<p style=\"text-align: justify;\"><span style=\"font-weight: 400;\"><\/span><\/p>\n<h4>Disabling cookies<\/h4>\n<p style=\"text-align: justify;\"><span style=\"font-weight: 400;\">Poder\u00e1 impedir a configura\u00e7\u00e3o de cookies ajustando as configura\u00e7\u00f5es do seu navegador (consulte a Ajuda do navegador para saber como fazer isso). Esteja ciente de que a desativa\u00e7\u00e3o de cookies afetar\u00e1 a funcionalidade deste e de muitos outros sites que voc\u00ea visita. A desativa\u00e7\u00e3o de cookies geralmente resultar\u00e1 na desativa\u00e7\u00e3o de determinadas funcionalidades e recursos deste site. Portanto, \u00e9 recomend\u00e1vel que n\u00e3o desative os cookies.<\/span><\/p>\n<p style=\"text-align: justify;\"><span style=\"font-weight: 400;\"><\/span><\/p>\n<h4>Cookies We Set<\/h4>\n<ul>\n<li style=\"font-weight: 400; text-align: justify;\" aria-level=\"1\"><span style=\"font-weight: 400;\">Account-Related Cookies<\/span><span style=\"font-weight: 400;\"><br \/><\/span><span style=\"font-weight: 400;\">If you create an account with us, we will use cookies for managing the sign-up process and general administration. These cookies will generally be deleted when you log out of the system, however in some cases they may remain afterward to remember your website preferences when you log out.<\/span>\u00a0<\/li>\n<li style=\"font-weight: 400; text-align: justify;\" aria-level=\"1\"><span style=\"font-weight: 400;\">Login Related Cookies<\/span><span style=\"font-weight: 400;\"><br \/><\/span><span style=\"font-weight: 400;\">We use cookies when you are logged in so that we can remember this action. This saves you from having to log in every time you visit a new page. These cookies are normally removed or cleared when you log out to ensure that you can only access restricted features and areas when you log in.<\/span>\u00a0<\/li>\n<li style=\"font-weight: 400; text-align: justify;\" aria-level=\"1\"><span style=\"font-weight: 400;\">Email Newsletters Related Cookies<\/span><span style=\"font-weight: 400;\"><br \/><\/span><span style=\"font-weight: 400;\">This website offers newsletter or email subscription services and cookies may be used to remember if you are already registered and whether to show certain notifications valid only for subscribed\/unsubscribed users .<\/span>\u00a0<\/li>\n<li style=\"font-weight: 400; text-align: justify;\" aria-level=\"1\"><span style=\"font-weight: 400;\">Order processing related cookies<\/span><span style=\"font-weight: 400;\"><br \/><\/span><span style=\"font-weight: 400;\">This website offers e-commerce or payment facilities and some cookies are essential to ensure that your order is remembered between pages so that we can process it properly.<\/span>\u00a0<\/li>\n<li style=\"font-weight: 400; text-align: justify;\" aria-level=\"1\"><span style=\"font-weight: 400;\">Survey-Related Cookies<\/span><span style=\"font-weight: 400;\"><br \/><\/span><span style=\"font-weight: 400;\">From time to time, we offer surveys and questionnaires to provide you with interesting information, useful tools, or to understand our user base more accurately. These surveys may use cookies to remember who has already participated in a survey or to provide accurate results after changing pages.<\/span>\u00a0<\/li>\n<li style=\"font-weight: 400; text-align: justify;\" aria-level=\"1\"><span style=\"font-weight: 400;\">Form-Related Cookies<\/span><span style=\"font-weight: 400;\"><br \/><\/span><span style=\"font-weight: 400;\">When you submit data through a form such as those found on contact pages or comment forms, cookies may be set to remember the user's details for future correspondence.<\/span>\u00a0<\/li>\n<li style=\"font-weight: 400; text-align: justify;\" aria-level=\"1\"><span style=\"font-weight: 400;\">Site Preference Cookies<\/span><span style=\"font-weight: 400;\"><br \/><\/span><span style=\"font-weight: 400;\">To provide you with a great experience on this site, we provide functionality to set your preferences for how this site runs when you use it. To remember your preferences, we need to set cookies so that this information can be called whenever you interact with a page that is affected by your preferences.<\/span><span style=\"font-weight: 400;\"><\/span><span style=\"font-weight: 400;\"><\/span><\/li>\n<\/ul>\n<p><span style=\"font-weight: 400;\"><\/span><\/p>\n<h4>Third Party Cookies<\/h4>\n<p style=\"text-align: justify;\"><span style=\"font-weight: 400;\">In some special cases, we also use cookies provided by trusted third parties. The following section details which third-party cookies you may encounter through this website.<\/span><\/p>\n<ul>\n<li style=\"font-weight: 400; text-align: justify;\" aria-level=\"1\"><span style=\"font-weight: 400;\">This website uses Google Analytics, which is one of the most widespread and trusted analytics solutions on the web, to help us understand how you use the website and how we can improve your experience. These cookies can track things like how much time you spend on the site and the pages you visit so that we can continue to produce engaging content.<\/span><\/li>\n<\/ul>\n<p style=\"text-align: justify;\"><span style=\"font-weight: 400;\">For more information about Google Analytics cookies, see the official Google Analytics page.<\/span><\/p>\n<ul>\n<li style=\"font-weight: 400; text-align: justify;\" aria-level=\"1\"><span style=\"font-weight: 400;\">Third party analytics are used to track and measure usage of this website so that we can continue to produce compelling content. These cookies can track things like the time you spend on the website or the pages you visit, which helps us understand how we can improve the website for you.<\/span><\/li>\n<li style=\"font-weight: 400; text-align: justify;\" aria-level=\"1\"><span style=\"font-weight: 400;\">From time to time, we test new features and make subtle changes to the way the site looks. When we are still testing new features, these cookies may be used to ensure you receive a consistent experience while on the site, while we understand which optimizations our users appreciate most.<\/span><\/li>\n<li style=\"font-weight: 400; text-align: justify;\" aria-level=\"1\"><span style=\"font-weight: 400;\">As we sell products, it's important for us to understand statistics about how many visitors to our website actually buy, and so this is the type of data these cookies will track. This is important to you as it means we can make accurate business forecasts that allow us to analyze our advertising and product costs to ensure the best possible price.<\/span><\/li>\n<li style=\"font-weight: 400; text-align: justify;\" aria-level=\"1\"><span style=\"font-weight: 400;\">The Google AdSense service we use to serve ads uses a DoubleClick cookie to serve more relevant ads across the web and limit the number of times a particular ad is shown to you.<\/span><span style=\"font-weight: 400;\"><br \/><\/span><span style=\"font-weight: 400;\">For more information about AdSense, see the official AdSense Privacy FAQs.<\/span><\/li>\n<li style=\"font-weight: 400; text-align: justify;\" aria-level=\"1\"><span style=\"font-weight: 400;\">We use advertisements to offset the costs of running this site and to provide funding for future developments. The behavioral advertising cookies used by this website are designed to ensure that you provide the most relevant advertisements whenever possible, anonymously tracking your interests and featuring similar things that may be of interest to you.<\/span><\/li>\n<li style=\"font-weight: 400; text-align: justify;\" aria-level=\"1\"><span style=\"font-weight: 400;\">Various partners advertise on our behalf and affiliate tracking cookies simply allow us to see if our customers accessed the site through one of our partners' websites so that we can properly credit them and, where applicable, allow our affiliate partners to offer any promotion that may provide you to make a purchase.<\/span><span style=\"font-weight: 400;\"><\/span><span style=\"font-weight: 400;\"><\/span><span style=\"font-weight: 400;\"><\/span><\/li>\n<\/ul>\n<p><span style=\"font-weight: 400;\"><\/span><\/p>\n<h3>User's Commitment<\/h3>\n<p style=\"text-align: justify;\"><span style=\"font-weight: 400;\">The user undertakes to make adequate use of the contents and information that Oak Nature offers on the website and with an enunciative, but not limiting character:<\/span><\/p>\n<ul>\n<li style=\"font-weight: 400; text-align: justify;\" aria-level=\"1\"><span style=\"font-weight: 400;\">Not to cause damage to the physical (hardware) and logical (software) systems of Oak Nature, of its suppliers or third parties, to introduce or disseminate computer viruses or any other hardware or software systems that are capable of causing the aforementioned damages.<\/span><\/li>\n<li style=\"font-weight: 400; text-align: justify;\" aria-level=\"1\">\n<h3><\/h3>\n<\/li>\n<\/ul>\n<h3>More information<\/h3>\n<p style=\"text-align: justify;\"><span style=\"font-weight: 400;\">Hopefully this is clear and, as mentioned earlier, if there's something you're not sure you need or not, it's generally safer to leave cookies enabled if it interacts with one of the features you use on our site.<\/span><\/p>\n<p><span style=\"font-weight: 400;\">This policy is effective from May\/2022.<\/span><\/p>\n<p>[\/et_pb_text][\/et_pb_column][\/et_pb_row][\/et_pb_section]<\/p>","protected":false},"excerpt":{"rendered":"<p>Pol\u00edtica de Privacidade A sua privacidade \u00e9 importante para n\u00f3s. \u00c9 pol\u00edtica do Oak Nature respeitar a sua privacidade em rela\u00e7\u00e3o a qualquer informa\u00e7\u00e3o sua que possamos coletar no site Oak Nature.Solicitamos informa\u00e7\u00f5es pessoais apenas quando realmente precisamos delas para lhe fornecer um servi\u00e7o. Fazemo-lo por meios justos e legais, com o seu conhecimento e [&hellip;]<\/p>","protected":false},"author":1,"featured_media":0,"parent":0,"menu_order":0,"comment_status":"closed","ping_status":"closed","template":"","meta":{"_et_pb_use_builder":"on","_et_pb_old_content":"","_et_gb_content_width":"","footnotes":""},"_links":{"self":[{"href":"https:\/\/oaknature.pt\/en\/wp-json\/wp\/v2\/pages\/438"}],"collection":[{"href":"https:\/\/oaknature.pt\/en\/wp-json\/wp\/v2\/pages"}],"about":[{"href":"https:\/\/oaknature.pt\/en\/wp-json\/wp\/v2\/types\/page"}],"author":[{"embeddable":true,"href":"https:\/\/oaknature.pt\/en\/wp-json\/wp\/v2\/users\/1"}],"replies":[{"embeddable":true,"href":"https:\/\/oaknature.pt\/en\/wp-json\/wp\/v2\/comments?post=438"}],"version-history":[{"count":5,"href":"https:\/\/oaknature.pt\/en\/wp-json\/wp\/v2\/pages\/438\/revisions"}],"predecessor-version":[{"id":466,"href":"https:\/\/oaknature.pt\/en\/wp-json\/wp\/v2\/pages\/438\/revisions\/466"}],"wp:attachment":[{"href":"https:\/\/oaknature.pt\/en\/wp-json\/wp\/v2\/media?parent=438"}],"curies":[{"name":"wp","href":"https:\/\/api.w.org\/{rel}","templated":true}]}}